{"id":29955,"date":"2025-09-15T08:31:06","date_gmt":"2025-09-15T06:31:06","guid":{"rendered":"https:\/\/apshaps.se\/service-pickup-your-order\/"},"modified":"2025-09-15T09:15:53","modified_gmt":"2025-09-15T07:15:53","slug":"service-pickup-your-order","status":"publish","type":"page","link":"https:\/\/apshaps.se\/en\/service-pickup-your-order\/","title":{"rendered":"Service \/ Pickup your order"},"content":{"rendered":"\n\n\t<section class=\"section\" id=\"section_164123526\">\n\t\t<div class=\"section-bg fill\" >\n\t\t\t\t\t\t\t\t\t\n\t\t\t\n\n\t\t<\/div>\n\n\t\t\n\n\t\t<div class=\"section-content relative\">\n\t\t\t\n\n<div class=\"row row-collapse align-center\"  id=\"row-1337275940\">\n\n\n\t<div id=\"col-1678728533\" class=\"col medium-11 small-12 large-8\"  >\n\t\t\t\t<div class=\"col-inner\"  >\n\t\t\t\n\t\t\t\n\n\n\n<br\/><div class=\"apshaps-booking\">\n    <div class=\"apshaps-step apshaps-step-1\">\n        <header class=\"booking-header text-center\">\n            <h1>Choose Date & Time<\/h1>\n            <p class=\"apshaps-week-label\"><\/p>\n        <\/header>\n        <div class=\"apshaps-week-nav\" role=\"navigation\">\n            <button type=\"button\" class=\"apshaps-prev button primary is-link\"><i class=\"icon-angle-left\" aria-hidden=\"true\"><\/i><span>Earlier dates<\/span><\/button>\n            <button type=\"button\" class=\"apshaps-next button primary is-link\"><span>Later dates<\/span><i class=\"icon-angle-right\" aria-hidden=\"true\"><\/i><\/button>\n        <\/div>\n\n        <div class=\"apshaps-header-row\" role=\"row\"><\/div>\n        <div class=\"apshaps-grid\" role=\"grid\" aria-label=\"Weekly Schedule\"><\/div>\n    <\/div>\n\n    <div class=\"apshaps-step apshaps-step-2\" hidden>\n        <div class=\"apshaps-step-header\">\n            <button type=\"button\" class=\"button primary apshaps-back is-outline\"><i class=\"icon-angle-left\" aria-hidden=\"true\"><\/i><\/button>\n            <h2 class=\"h1 text-center\">Your personal details<\/h2>\n        <\/div>\n        <div class=\"apshaps-selected-time\">\n            <p>Chosen date and time: <span class=\"selected-datetime\"><\/span><\/p>\n        <\/div>\n        <form class=\"apshaps-form\">\n            <input type=\"hidden\" name=\"service_id\"\/>\n            <input type=\"hidden\" name=\"start_iso\"\/>\n            <input type=\"hidden\" name=\"end_iso\"\/>\n            <input type=\"hidden\" name=\"referrer_url\" value=\"\"\/>\n            <label for=\"apshaps-first-name\" class=\"sr-only\">First name<\/label>\n            <input id=\"apshaps-first-name\" type=\"text\" name=\"first_name\" placeholder=\"First name\" required>\n\n            <label for=\"apshaps-last-name\" class=\"sr-only\">Last name<\/label>\n            <input id=\"apshaps-last-name\" type=\"text\" name=\"last_name\" placeholder=\"Last name\" required>\n\n            <label for=\"apshaps-email\" class=\"sr-only\">Email<\/label>\n            <input id=\"apshaps-email\" type=\"email\" name=\"email\" placeholder=\"Email\" required>\n\n            <label for=\"apshaps-phone\" class=\"sr-only\">Phone<\/label>\n            <input id=\"apshaps-phone\" name=\"phone\" type=\"tel\" placeholder=\"Phone\" required>\n\n            <div class=\"apshaps-terms\">\n                <label for=\"apshaps-terms\">\n                    <input id=\"apshaps-terms\" type=\"checkbox\" name=\"terms\" required>\n                    I accept A.P. Shaps terms and conditions.                <\/label>\n            <\/div>\n\n            <button class=\"button primary apshaps-submit submit-booking\"><span>Submit booking request<\/span><\/button>\n        <\/form>\n        <div class=\"apshaps-status\" role=\"status\"><\/div>\n    <\/div>\n\n    <div class=\"apshaps-step apshaps-step-3 text-center\" hidden>\n        <header class=\"booking-header text-center\">\n            <h2 class=\"h1\">Thank you for your booking request!<\/h2>\n            <p>Tack f\u00f6r din bokningsf\u00f6rfr\u00e5gan! Vi kommer att kontakta dig s\u00e5 snart som m\u00f6jligt.<\/p>\n        <\/header>\n\n        <fieldset class=\"apshaps-booking-summary\">\n            <legend>You booking request and details<\/legend>\n            <div class=\"apshaps-booking-details\"><\/div>\n        <\/fieldset>\n        <a href=\"\/\" class=\"button primary apshaps-submit\"><span>Return to home<\/span><\/a>\n    <\/div>\n<\/div>\n<br\/>\n\n\n\t\t<\/div>\n\t\t\t\t\t<\/div>\n\n\t\n\n<\/div>\n\n\t\t<\/div>\n\n\t\t\n<style>\n#section_164123526 {\n  padding-top: 60px;\n  padding-bottom: 60px;\n}\n@media (min-width:550px) {\n  #section_164123526 {\n    padding-top: 90px;\n    padding-bottom: 90px;\n  }\n}\n<\/style>\n\t<\/section>\n\t\n\n<p><\/p>\n","protected":false},"excerpt":{"rendered":"","protected":false},"author":1,"featured_media":0,"parent":0,"menu_order":0,"comment_status":"closed","ping_status":"closed","template":"page-blank.php","meta":{"_acf_changed":false,"footnotes":""},"class_list":["post-29955","page","type-page","status-publish","hentry"],"acf":{"faq_enable":false,"faq_schema_enable":false,"faq_title":"","faq_items":null},"_links":{"self":[{"href":"https:\/\/apshaps.se\/en\/wp-json\/wp\/v2\/pages\/29955","targetHints":{"allow":["GET"]}}],"collection":[{"href":"https:\/\/apshaps.se\/en\/wp-json\/wp\/v2\/pages"}],"about":[{"href":"https:\/\/apshaps.se\/en\/wp-json\/wp\/v2\/types\/page"}],"author":[{"embeddable":true,"href":"https:\/\/apshaps.se\/en\/wp-json\/wp\/v2\/users\/1"}],"replies":[{"embeddable":true,"href":"https:\/\/apshaps.se\/en\/wp-json\/wp\/v2\/comments?post=29955"}],"version-history":[{"count":1,"href":"https:\/\/apshaps.se\/en\/wp-json\/wp\/v2\/pages\/29955\/revisions"}],"predecessor-version":[{"id":29956,"href":"https:\/\/apshaps.se\/en\/wp-json\/wp\/v2\/pages\/29955\/revisions\/29956"}],"wp:attachment":[{"href":"https:\/\/apshaps.se\/en\/wp-json\/wp\/v2\/media?parent=29955"}],"curies":[{"name":"wp","href":"https:\/\/api.w.org\/{rel}","templated":true}]}}