{"id":1975,"date":"2022-06-22T09:33:55","date_gmt":"2022-06-22T07:33:55","guid":{"rendered":"https:\/\/apshaps.se\/?page_id=1975"},"modified":"2026-02-26T16:12:52","modified_gmt":"2026-02-26T15:12:52","slug":"size-guide","status":"publish","type":"page","link":"https:\/\/apshaps.se\/en\/education\/size-guide\/","title":{"rendered":"Size guide"},"content":{"rendered":"\n\t<div class=\"img has-hover subpage-hero show-for-small x md-x lg-x y md-y lg-y\" id=\"image_1197964622\">\n\t\t\t\t\t\t\t\t<div class=\"img-inner dark\" >\n\t\t\t<img fetchpriority=\"high\" decoding=\"async\" width=\"1707\" height=\"1920\" src=\"https:\/\/apshaps.se\/wp-content\/uploads\/2024\/12\/A.P.-Shaps-Website-Our-Boutique.webp\" class=\"attachment-original size-original\" alt=\"\" srcset=\"https:\/\/apshaps.se\/wp-content\/uploads\/2024\/12\/A.P.-Shaps-Website-Our-Boutique.webp 1707w, https:\/\/apshaps.se\/wp-content\/uploads\/2024\/12\/A.P.-Shaps-Website-Our-Boutique-267x300.webp 267w, https:\/\/apshaps.se\/wp-content\/uploads\/2024\/12\/A.P.-Shaps-Website-Our-Boutique-768x864.webp 768w, https:\/\/apshaps.se\/wp-content\/uploads\/2024\/12\/A.P.-Shaps-Website-Our-Boutique-910x1024.webp 910w, https:\/\/apshaps.se\/wp-content\/uploads\/2024\/12\/A.P.-Shaps-Website-Our-Boutique-1366x1536.webp 1366w, https:\/\/apshaps.se\/wp-content\/uploads\/2024\/12\/A.P.-Shaps-Website-Our-Boutique-1080x1215.webp 1080w\" sizes=\"(max-width: 1707px) 100vw, 1707px\" loading=\"eager\" \/>\t\t\t\t\t\t\n\t\t\t\t\t<\/div>\n\t\t\t\t\t\t\t\t\n<style>\n#image_1197964622 {\n  width: 100%;\n}\n<\/style>\n\t<\/div>\n\t\n\n\n\t<section class=\"section subpage-title\" id=\"section_258643689\">\n\t\t<div class=\"section-bg fill\" >\n\t\t\t\t\t\t\t\t\t\n\t\t\t\n\n\t\t<\/div>\n\n\t\t\n\n\t\t<div class=\"section-content relative\">\n\t\t\t\n\n<div class=\"row row-collapse align-center\"  id=\"row-409693596\">\n\n\n\t<div id=\"col-879542822\" class=\"col medium-8 small-12 large-5\"  >\n\t\t\t\t<div class=\"col-inner text-center\"  >\n\t\t\t\n\t\t\t\n\n<h1>Size Guide<\/h1>\n\t<div id=\"text-2583621752\" class=\"text text-beige\">\n\t\t\n\n<p>FIND YOUR SIZE<\/p>\n\t\t\t<\/div>\n\t\n<p>Sizes are measured differently in different countries. Choosing the right size makes all the difference for both comfort and how your jewellery sits. That\u2019s why we\u2019ve put together clear size guides for rings, bracelets, and necklaces, so you can easily measure at home and find the right fit before you order. Select the guide that suits you below and get one step closer to the perfect fit. To convert one size to another, please see our size guide below.\u00a0<\/p>\n\n\t\t<\/div>\n\t\t\t\t\n<style>\n#col-879542822 > .col-inner {\n  padding: 0px 15px 0px 15px;\n}\n<\/style>\n\t<\/div>\n\n\t\n\n<\/div>\n\n\t\t<\/div>\n\n\t\t\n<style>\n#section_258643689 {\n  padding-top: 60px;\n  padding-bottom: 60px;\n}\n<\/style>\n\t<\/section>\n\t\n\n\t<section class=\"section\" id=\"section_1164959431\">\n\t\t<div class=\"section-bg fill\" >\n\t\t\t\t\t\t\t\t\t\n\t\t\t\n\n\t\t<\/div>\n\n\t\t\n\n\t\t<div class=\"section-content relative\">\n\t\t\t\n\n<div class=\"row row-collapse row-full-width align-middle\"  id=\"row-688133913\">\n\n\n\t<div id=\"col-324389345\" class=\"col medium-12 small-12 large-6\"  >\n\t\t\t\t<div class=\"col-inner\"  >\n\t\t\t\n\t\t\t\n\n\n  <div class=\"banner has-hover has-parallax\" id=\"banner-502847659\">\n          <div class=\"banner-inner fill\">\n        <div class=\"banner-bg fill\" data-parallax=\"-1\" data-parallax-container=\".banner\" data-parallax-background>\n            <img decoding=\"async\" width=\"1920\" height=\"1440\" src=\"https:\/\/apshaps.se\/wp-content\/uploads\/2025\/11\/Solitaire-Ring-Oval-Round-Emerald-Diamond-Original-ap-shaps-.webp\" class=\"bg attachment-original size-original\" alt=\"f\u00f6rlovningsringar ap shaps\" loading=\"eager\" \/>                                    \n                    <\/div>\n\t\t\n        <div class=\"banner-layers container\">\n            <a class=\"fill\" href=\"https:\/\/apshaps.se\/en\/education\/size-guide-rings\/\"><div class=\"fill banner-link\"><\/div><\/a>            \n\n\n        <\/div>\n      <\/div>\n\n            \n<style>\n#banner-502847659 {\n  padding-top: 99.99%;\n}\n#banner-502847659 .banner-bg img {\n  object-position: 80% 65%;\n}\n@media (min-width:550px) {\n  #banner-502847659 {\n    padding-top: 60%;\n  }\n}\n@media (min-width:850px) {\n  #banner-502847659 {\n    padding-top: 50%;\n  }\n}\n<\/style>\n  <\/div>\n\n\n\n\t\t<\/div>\n\t\t\t\t\t<\/div>\n\n\t\n\n\t<div id=\"col-22726656\" class=\"col text-column medium-12 small-12 large-6\"  >\n\t\t\t\t<div class=\"col-inner text-center\"  >\n\t\t\t\n\t\t\t\n\n<h2>Ring Size Guide<\/h2>\n<p>Not sure about your ring size? Here you\u2019ll find easy ways to measure at home and compare with our sizes, so your ring fits comfortably and securely. Go to the ring guide to find your size.<\/p>\n<a href=\"https:\/\/apshaps.se\/en\/education\/ring-size-guide\/\" class=\"button primary\" >\n\t\t<span>To the guide<\/span>\n\t<\/a>\n\n\n\n\t\t<\/div>\n\t\t\t\t\n<style>\n#col-22726656 > .col-inner {\n  padding: 30px 0px 30px 0px;\n}\n@media (min-width:550px) {\n  #col-22726656 > .col-inner {\n    padding: 30px 30px 30px 30px;\n  }\n}\n<\/style>\n\t<\/div>\n\n\t\n\n<\/div>\n\n\t\t<\/div>\n\n\t\t\n<style>\n#section_1164959431 {\n  padding-top: 0px;\n  padding-bottom: 0px;\n  background-color: rgb(255,255,255);\n}\n<\/style>\n\t<\/section>\n\t\n\n\t<section class=\"section hide-for-medium\" id=\"section_2133789664\">\n\t\t<div class=\"section-bg fill\" >\n\t\t\t\t\t\t\t\t\t\n\t\t\t\n\n\t\t<\/div>\n\n\t\t\n\n\t\t<div class=\"section-content relative\">\n\t\t\t\n\n<div class=\"row row-collapse row-full-width align-middle\"  id=\"row-787228717\">\n\n\n\t<div id=\"col-1421394202\" class=\"col text-column medium-12 small-12 large-6\"  >\n\t\t\t\t<div class=\"col-inner text-center\"  >\n\t\t\t\n\t\t\t\n\n<h2>Size Guide for Bracelets<\/h2>\n<p>To ensure your bracelet fits the way you want\u2014snug, just right, or a little looser\u2014having the correct measurement is important. In our bracelet guide, we show you how to measure your wrist and choose the right size based on your preferred fit.<\/p>\n<a href=\"https:\/\/apshaps.se\/en\/education\/bracelet-size-guide\/\" class=\"button primary\" >\n\t\t<span>To the guide<\/span>\n\t<\/a>\n\n\n\n\t\t<\/div>\n\t\t\t\t\n<style>\n#col-1421394202 > .col-inner {\n  padding: 30px 0px 30px 0px;\n}\n@media (min-width:550px) {\n  #col-1421394202 > .col-inner {\n    padding: 30px 30px 30px 30px;\n  }\n}\n<\/style>\n\t<\/div>\n\n\t\n\n\t<div id=\"col-2068063955\" class=\"col medium-12 small-12 large-6\"  >\n\t\t\t\t<div class=\"col-inner\"  >\n\t\t\t\n\t\t\t\n\n\n  <div class=\"banner has-hover has-parallax\" id=\"banner-2025283379\">\n          <div class=\"banner-inner fill\">\n        <div class=\"banner-bg fill\" data-parallax=\"-1\" data-parallax-container=\".banner\" data-parallax-background>\n            <img decoding=\"async\" width=\"1177\" height=\"1177\" src=\"https:\/\/apshaps.se\/wp-content\/uploads\/2025\/05\/Flera-tennisarmband-1x1-1.jpg\" class=\"bg attachment-original size-original\" alt=\"\" loading=\"eager\" \/>                                    \n                    <\/div>\n\t\t\n        <div class=\"banner-layers container\">\n            <a class=\"fill\" href=\"https:\/\/apshaps.se\/en\/education\/size-guide-bracelets\/\"><div class=\"fill banner-link\"><\/div><\/a>            \n\n\n        <\/div>\n      <\/div>\n\n            \n<style>\n#banner-2025283379 {\n  padding-top: 99.99%;\n}\n#banner-2025283379 .banner-bg img {\n  object-position: 79% 49%;\n}\n@media (min-width:550px) {\n  #banner-2025283379 {\n    padding-top: 60%;\n  }\n}\n@media (min-width:850px) {\n  #banner-2025283379 {\n    padding-top: 50%;\n  }\n}\n<\/style>\n  <\/div>\n\n\n\n\t\t<\/div>\n\t\t\t\t\t<\/div>\n\n\t\n\n<\/div>\n\n\t\t<\/div>\n\n\t\t\n<style>\n#section_2133789664 {\n  padding-top: 0px;\n  padding-bottom: 0px;\n  background-color: rgb(255,255,255);\n}\n<\/style>\n\t<\/section>\n\t\n\n\t<section class=\"section show-for-small\" id=\"section_948698376\">\n\t\t<div class=\"section-bg fill\" >\n\t\t\t\t\t\t\t\t\t\n\t\t\t\n\n\t\t<\/div>\n\n\t\t\n\n\t\t<div class=\"section-content relative\">\n\t\t\t\n\n<div class=\"row row-collapse row-full-width align-middle\"  id=\"row-588818537\">\n\n\n\t<div id=\"col-18554939\" class=\"col medium-12 small-12 large-6\"  >\n\t\t\t\t<div class=\"col-inner\"  >\n\t\t\t\n\t\t\t\n\n\n  <div class=\"banner has-hover has-parallax\" id=\"banner-151804788\">\n          <div class=\"banner-inner fill\">\n        <div class=\"banner-bg fill\" data-parallax=\"-1\" data-parallax-container=\".banner\" data-parallax-background>\n            <img decoding=\"async\" width=\"1177\" height=\"1177\" src=\"https:\/\/apshaps.se\/wp-content\/uploads\/2025\/05\/Flera-tennisarmband-1x1-1.jpg\" class=\"bg attachment-original size-original\" alt=\"\" loading=\"eager\" \/>                                    \n                    <\/div>\n\t\t\n        <div class=\"banner-layers container\">\n            <a class=\"fill\" href=\"https:\/\/apshaps.se\/utbildning\/storleksguide-armband\/\"><div class=\"fill banner-link\"><\/div><\/a>            \n\n\n        <\/div>\n      <\/div>\n\n            \n<style>\n#banner-151804788 {\n  padding-top: 99.99%;\n}\n#banner-151804788 .banner-bg img {\n  object-position: 79% 49%;\n}\n@media (min-width:550px) {\n  #banner-151804788 {\n    padding-top: 60%;\n  }\n}\n@media (min-width:850px) {\n  #banner-151804788 {\n    padding-top: 50%;\n  }\n}\n<\/style>\n  <\/div>\n\n\n\n\t\t<\/div>\n\t\t\t\t\t<\/div>\n\n\t\n\n\t<div id=\"col-331907841\" class=\"col text-column medium-12 small-12 large-6\"  >\n\t\t\t\t<div class=\"col-inner text-center\"  >\n\t\t\t\n\t\t\t\n\n<h2>Storleksguide f\u00f6r armband<\/h2>\n<p>F\u00f6r att armbandet ska sitta som du vill &#8211; tight, lagom eller lite l\u00f6sare &#8211; \u00e4r r\u00e4tt m\u00e5tt viktigt. I armbandsguiden visar vi hur du m\u00e4ter din handled och v\u00e4ljer r\u00e4tt storlek utifr\u00e5n passform.<\/p>\n<a href=\"https:\/\/apshaps.se\/utbildning\/storleksguide-armband\/\" class=\"button primary\" >\n\t\t<span>Till guiden<\/span>\n\t<\/a>\n\n\n\n\t\t<\/div>\n\t\t\t\t\n<style>\n#col-331907841 > .col-inner {\n  padding: 30px 0px 30px 0px;\n}\n@media (min-width:550px) {\n  #col-331907841 > .col-inner {\n    padding: 30px 30px 30px 30px;\n  }\n}\n<\/style>\n\t<\/div>\n\n\t\n\n<\/div>\n\n\t\t<\/div>\n\n\t\t\n<style>\n#section_948698376 {\n  padding-top: 0px;\n  padding-bottom: 0px;\n  background-color: rgb(255,255,255);\n}\n<\/style>\n\t<\/section>\n\t\n\n\t<section class=\"section\" id=\"section_313078198\">\n\t\t<div class=\"section-bg fill\" >\n\t\t\t\t\t\t\t\t\t\n\t\t\t\n\n\t\t<\/div>\n\n\t\t\n\n\t\t<div class=\"section-content relative\">\n\t\t\t\n\n<div class=\"row row-collapse row-full-width align-middle\"  id=\"row-1624496500\">\n\n\n\t<div id=\"col-1184539545\" class=\"col medium-12 small-12 large-6\"  >\n\t\t\t\t<div class=\"col-inner\"  >\n\t\t\t\n\t\t\t\n\n\n  <div class=\"banner has-hover has-parallax\" id=\"banner-1273781797\">\n          <div class=\"banner-inner fill\">\n        <div class=\"banner-bg fill\" data-parallax=\"-1\" data-parallax-container=\".banner\" data-parallax-background>\n            <img decoding=\"async\" width=\"1000\" height=\"1000\" src=\"https:\/\/apshaps.se\/wp-content\/uploads\/2025\/06\/1x1.jpg\" class=\"bg attachment-original size-original\" alt=\"kedja i vitguld\" loading=\"eager\" \/>                                    \n                    <\/div>\n\t\t\n        <div class=\"banner-layers container\">\n            <a class=\"fill\" href=\"https:\/\/apshaps.se\/en\/education\/size-guide-necklaces\/\"><div class=\"fill banner-link\"><\/div><\/a>            \n\n\n        <\/div>\n      <\/div>\n\n            \n<style>\n#banner-1273781797 {\n  padding-top: 99.99%;\n}\n#banner-1273781797 .banner-bg img {\n  object-position: 93% 71%;\n}\n@media (min-width:550px) {\n  #banner-1273781797 {\n    padding-top: 60%;\n  }\n}\n@media (min-width:850px) {\n  #banner-1273781797 {\n    padding-top: 50%;\n  }\n}\n<\/style>\n  <\/div>\n\n\n\n\t\t<\/div>\n\t\t\t\t\t<\/div>\n\n\t\n\n\t<div id=\"col-407958913\" class=\"col text-column medium-12 small-12 large-6\"  >\n\t\t\t\t<div class=\"col-inner text-center\"  >\n\t\t\t\n\t\t\t\n\n<h2>Size guide for necklaces<\/h2>\n<p>Length makes a big difference in how a necklace sits and feels. In our necklace guide, we help you choose the right length based on style, intended use, and how you want it to fit.<\/p>\n<a href=\"https:\/\/apshaps.se\/en\/education\/size-guide-for-necklaces\/\" class=\"button primary\" >\n\t\t<span>to the guide<\/span>\n\t<\/a>\n\n\n\n\t\t<\/div>\n\t\t\t\t\n<style>\n#col-407958913 > .col-inner {\n  padding: 30px 0px 30px 0px;\n}\n@media (min-width:550px) {\n  #col-407958913 > .col-inner {\n    padding: 30px 30px 30px 30px;\n  }\n}\n<\/style>\n\t<\/div>\n\n\t\n\n<\/div>\n\n\t\t<\/div>\n\n\t\t\n<style>\n#section_313078198 {\n  padding-top: 0px;\n  padding-bottom: 0px;\n  background-color: rgb(255,255,255);\n}\n<\/style>\n\t<\/section>\n\t\n\t<div id=\"gap-8006949\" class=\"gap-element clearfix\" style=\"display:block; height:auto;\">\n\t\t\n<style>\n#gap-8006949 {\n  padding-top: 120px;\n}\n<\/style>\n\t<\/div>\n\t\n\n\n","protected":false},"excerpt":{"rendered":"","protected":false},"author":1,"featured_media":0,"parent":1130,"menu_order":3,"comment_status":"closed","ping_status":"closed","template":"page-blank.php","meta":{"_acf_changed":false,"footnotes":""},"class_list":["post-1975","page","type-page","status-publish","hentry"],"acf":{"faq_enable":false,"faq_schema_enable":false,"faq_title":"","faq_items":null},"_links":{"self":[{"href":"https:\/\/apshaps.se\/en\/wp-json\/wp\/v2\/pages\/1975","targetHints":{"allow":["GET"]}}],"collection":[{"href":"https:\/\/apshaps.se\/en\/wp-json\/wp\/v2\/pages"}],"about":[{"href":"https:\/\/apshaps.se\/en\/wp-json\/wp\/v2\/types\/page"}],"author":[{"embeddable":true,"href":"https:\/\/apshaps.se\/en\/wp-json\/wp\/v2\/users\/1"}],"replies":[{"embeddable":true,"href":"https:\/\/apshaps.se\/en\/wp-json\/wp\/v2\/comments?post=1975"}],"version-history":[{"count":10,"href":"https:\/\/apshaps.se\/en\/wp-json\/wp\/v2\/pages\/1975\/revisions"}],"predecessor-version":[{"id":33156,"href":"https:\/\/apshaps.se\/en\/wp-json\/wp\/v2\/pages\/1975\/revisions\/33156"}],"up":[{"embeddable":true,"href":"https:\/\/apshaps.se\/en\/wp-json\/wp\/v2\/pages\/1130"}],"wp:attachment":[{"href":"https:\/\/apshaps.se\/en\/wp-json\/wp\/v2\/media?parent=1975"}],"curies":[{"name":"wp","href":"https:\/\/api.w.org\/{rel}","templated":true}]}}